{"id":1034,"date":"2023-01-29T12:45:43","date_gmt":"2023-01-29T12:45:43","guid":{"rendered":"https:\/\/innopares.es\/?page_id=1034"},"modified":"2023-01-29T12:54:21","modified_gmt":"2023-01-29T12:54:21","slug":"politica-cookies","status":"publish","type":"page","link":"https:\/\/innopares.es\/en\/politica-cookies\/","title":{"rendered":"Cookies policy"},"content":{"rendered":"<div class=\"fusion-fullwidth fullwidth-box fusion-builder-row-1 fusion-flex-container has-pattern-background has-mask-background nonhundred-percent-fullwidth non-hundred-percent-height-scrolling\" style=\"--awb-border-radius-top-left:0px;--awb-border-radius-top-right:0px;--awb-border-radius-bottom-right:0px;--awb-border-radius-bottom-left:0px;--awb-flex-wrap:wrap;\" ><div class=\"fusion-builder-row fusion-row fusion-flex-align-items-flex-start fusion-flex-content-wrap\" style=\"max-width:1248px;margin-left: calc(-4% \/ 2 );margin-right: calc(-4% \/ 2 );\"><div class=\"fusion-layout-column fusion_builder_column fusion-builder-column-0 fusion_builder_column_1_1 1_1 fusion-flex-column\" style=\"--awb-bg-size:cover;--awb-width-large:100%;--awb-margin-top-large:0px;--awb-spacing-right-large:1.92%;--awb-margin-bottom-large:20px;--awb-spacing-left-large:1.92%;--awb-width-medium:100%;--awb-order-medium:0;--awb-spacing-right-medium:1.92%;--awb-spacing-left-medium:1.92%;--awb-width-small:100%;--awb-order-small:0;--awb-spacing-right-small:1.92%;--awb-spacing-left-small:1.92%;\"><div class=\"fusion-column-wrapper fusion-column-has-shadow fusion-flex-justify-content-flex-start fusion-content-layout-column\"><div class=\"fusion-text fusion-text-1\"><div class=\"fusion-text fusion-text-3\">\n<p><em>Una cookie es un fichero que se descarga en su ordenador al acceder a determinadas p\u00e1ginas web. Las cookies permiten a una p\u00e1gina web, entre otras cosas, almacenar y recuperar informaci\u00f3n sobre los h\u00e1bitos de navegaci\u00f3n de un usuario o de su equipo y, dependiendo de la informaci\u00f3n que contengan y de la forma en que utilice su equipo, pueden utilizarse para reconocer al usuario.<\/em><\/p>\n<p><em>La web de INOPARES S.L.\u00a0 utiliza cookies propias y de terceros, todas en el dominio <\/em><strong>\u201cinnopares.es\u201d<\/strong>.<\/p>\n<\/div>\n<div class=\"fusion-text fusion-text-4\">\n<h2><em><u>A.- TIPOS DE COOKIES.<\/u><\/em><\/h2>\n<h3><em><u>1.- Tipos de cookies, seg\u00fan la entidad que las gestione:<\/u><\/em><\/h3>\n<p><em><u>a) Cookies Propias:<\/u><\/em><em>\u00a0son aquellas que se env\u00edan al equipo terminal del usuario desde un equipo o dominio gestionado por el propio editor y desde el que se presta el servicio solicitado por el usuario.<\/em><\/p>\n<p><em><u>b) Cookies de terceros:<\/u><\/em><em>\u00a0Son aquellas que se env\u00edan al equipo terminal del usuario desde un equipo o dominio que no es gestionado por el editor, sino por otra entidad que trata los datos obtenidos a trav\u00e9s de las cookies.<\/em><\/p>\n<h3><em><u>2.- Tipos de cookies, seg\u00fan su finalidad:<\/u><\/em><\/h3>\n<p><em><u>a) Cookies T\u00e9cnicas:<\/u><\/em><em>\u00a0Son aquellas que permiten al usuario la navegaci\u00f3n a trav\u00e9s de la p\u00e1gina web, plataforma o aplicaci\u00f3n y la utilizaci\u00f3n de las diferentes opciones o servicios que en ella existen.<\/em><\/p>\n<p><em><u>b) Cookies de An\u00e1lisis:<\/u><\/em><em>\u00a0Son aquellas que permiten al responsable de estas, el seguimiento y an\u00e1lisis del comportamiento de los usuarios de los sitios web a los que est\u00e1n vinculadas.<\/em><\/p>\n<p><em><u>c) Cookies de personalizaci\u00f3n:<\/u><\/em><em>\u00a0Estas cookies almacenan informaci\u00f3n del comportamiento del usuario obtenida a trav\u00e9s del registro de sus h\u00e1bitos de navegaci\u00f3n, lo que permite desarrollar un perfil espec\u00edfico para ofrecer informaci\u00f3n comercial adaptada a sus gustos y preferencias. Almacenan informaci\u00f3n como el tipo de conexi\u00f3n, idioma, patrones de navegaci\u00f3n o ubicaci\u00f3n.<\/em><\/p>\n<p><em><u>d) Cookies de publicidad comportamental:<\/u><\/em><em>\u00a0Son aquellas que almacenan informaci\u00f3n del comportamiento de los usuarios obtenida a trav\u00e9s de la observaci\u00f3n continuada de sus h\u00e1bitos de navegaci\u00f3n, lo que permite desarrollar un perfil espec\u00edfico para mostrar publicidad en funci\u00f3n de este.<\/em><\/p>\n<h3><em><u>3.-Tipos de cookies, seg\u00fan el plazo de tiempo de tiempo que permanecen activadas:<\/u><\/em><\/h3>\n<p><em><u>a) Cookies de Sesi\u00f3n:<\/u><\/em><em>\u00a0Son las dise\u00f1adas para recabar y almacenar datos mientras el usuario accede a una p\u00e1gina web. Se suelen emplear para la prestaci\u00f3n del servicio solicitado por el usuario en una sola ocasi\u00f3n.<\/em><\/p>\n<p><em><u>b) Cookies Persistentes:<\/u><\/em><em>\u00a0Son las dise\u00f1adas para que los datos sigan almacenados en el terminal y pueden ser accedidos y tratados durante un periodo definido por el responsable de la cookie, y que puede ir de unos minutos a varios a\u00f1os.<\/em><\/p>\n<\/div>\n<div class=\"fusion-text fusion-text-5\">\n<div class=\"table-1\">\n<table width=\"100%\">\n<tbody>\n<tr>\n<td class=\"column-1\">NOMBRE COOKIE<\/td>\n<td class=\"column-2\">TIPO DE COOKIE<\/td>\n<td class=\"column-3\">CADUCIDAD<\/td>\n<td class=\"column-4\">DESCRIPCION<\/td>\n<\/tr>\n<tr>\n<td class=\"column-1\">_ga<\/td>\n<td class=\"column-2\">Cookie Propia<\/td>\n<td class=\"column-3\">2 a\u00f1os<\/td>\n<td class=\"column-4\">Se usa para distinguir a los usuarios.<\/td>\n<\/tr>\n<tr>\n<td class=\"column-1\">_gid<\/td>\n<td class=\"column-2\">Cookie Propia<\/td>\n<td class=\"column-3\">24 horas<\/td>\n<td class=\"column-4\">Se usa para distinguir a los usuarios.<\/td>\n<\/tr>\n<tr>\n<td class=\"column-1\">wp-settings-1<\/td>\n<td class=\"column-2\">Cookie Propia<\/td>\n<td class=\"column-3\">1 a\u00f1o<\/td>\n<td class=\"column-4\">Estas cookies se utilizan para personalizar el interfaz de usuario de WordPress.<\/td>\n<\/tr>\n<tr>\n<td class=\"column-1\">wp-settings-time-1<\/td>\n<td class=\"column-2\"><\/td>\n<td class=\"column-3\"><\/td>\n<td class=\"column-4\"><\/td>\n<\/tr>\n<tr>\n<td class=\"column-1\">wordpress_sec_<\/td>\n<td class=\"column-2\">Cookie Propia<\/td>\n<td class=\"column-3\">Sesi\u00f3n<\/td>\n<td class=\"column-4\">Cookie t\u00e9cnica de inicio de sesi\u00f3n<\/td>\n<\/tr>\n<tr>\n<td class=\"column-1\">NID<\/td>\n<td class=\"column-2\">Cookies de terceros: Google<\/td>\n<td class=\"column-3\">6 meses<\/td>\n<td class=\"column-4\">Almacena informaci\u00f3n sobre tus preferencias.<\/td>\n<\/tr>\n<tr>\n<td class=\"column-1\">1P_JAR<\/td>\n<td class=\"column-2\">Cookies de terceros: Google<\/td>\n<td class=\"column-3\">1 mes<\/td>\n<td class=\"column-4\">Almacenamiento de las preferencias de usuario de google<\/td>\n<\/tr>\n<tr>\n<td class=\"column-1\">OGPC<\/td>\n<td class=\"column-2\">Cookies de terceros: Google<\/td>\n<td class=\"column-3\">2 meses<\/td>\n<td class=\"column-4\">Cookie utilizada para proveer servicios y extraer informaci\u00f3n an\u00f3nima sobre la navegaci\u00f3n.<\/td>\n<\/tr>\n<tr>\n<td class=\"column-1\">SEARCH_SAMESITE<\/td>\n<td class=\"column-2\">Cookies de terceros: Google<\/td>\n<td class=\"column-3\">6 meses<\/td>\n<td class=\"column-4\">Esta cookie se usa para mitigar el riesgo de fuga de informaci\u00f3n de origen cruzado. Tambi\u00e9n proporciona cierta protecci\u00f3n contra los ataques de falsificaci\u00f3n de solicitudes entre sitios<\/td>\n<\/tr>\n<tr>\n<td class=\"column-1\">wordpress_test_cookie<\/td>\n<td class=\"column-2\"><\/td>\n<td class=\"column-3\"><\/td>\n<td class=\"column-4\">Esta cookie se usa para que el gestor de contenidos WordPress compruebe si el navegador tiene las cookies activadas<\/td>\n<\/tr>\n<tr>\n<td class=\"column-1\"><\/td>\n<td class=\"column-2\">Cookie Propia<\/td>\n<td class=\"column-3\">Sesi\u00f3n<\/td>\n<td class=\"column-4\"><\/td>\n<\/tr>\n<tr>\n<td class=\"column-1\">CONSENT<\/td>\n<td class=\"column-2\">Cookies de terceros: .gstatic.com<\/td>\n<td class=\"column-3\">Permanente<\/td>\n<td class=\"column-4\">Funci\u00f3n de aceptaci\u00f3n de cookies en sitios web<\/td>\n<\/tr>\n<tr>\n<td class=\"column-1\">wordpress_logged_in<\/td>\n<td class=\"column-2\">Cookie Propia<\/td>\n<td class=\"column-3\">Sesi\u00f3n<\/td>\n<td class=\"column-4\">Despu\u00e9s del login, WordPress activa la cookie wordpress_logged_in_[hash], que indica cuando te has conectado y qui\u00e9n eres, siendo usado para la interfaz de WordPress.<\/td>\n<\/tr>\n<tr>\n<td class=\"column-1\">cookie_notice_accepted<\/td>\n<td class=\"column-2\">Cookie Propia<\/td>\n<td class=\"column-3\">15 d\u00edas<\/td>\n<td class=\"column-4\">Esta cookie recuerda si se ha aceptado el mensaje de aviso sobre cookies para dejar de mostrarlo durante el tiempo en que est\u00e1 activa.<\/td>\n<\/tr>\n<tr>\n<td class=\"column-1\">ANID<\/td>\n<td class=\"column-2\">Cookies de terceros: Google<\/td>\n<td class=\"column-3\">1 a\u00f1o<\/td>\n<td class=\"column-4\">Esta cookie se utiliza para manejar perfiles basados en el inter\u00e9s del usuario y as\u00ed poder mostrarles anuncios personalizados.<\/td>\n<\/tr>\n<tr>\n<td class=\"column-1\">__Secure-APISID<\/td>\n<td class=\"column-2\">Cookies de terceros: Google<\/td>\n<td class=\"column-3\">15 d\u00edas<\/td>\n<td class=\"column-4\">Estas cookies se utilizan para entregar anuncios m\u00e1s relevantes para usted y sus intereses.<\/td>\n<\/tr>\n<tr>\n<td class=\"column-1\">__Secure-SSID<\/td>\n<td class=\"column-2\"><\/td>\n<td class=\"column-3\"><\/td>\n<td class=\"column-4\"><\/td>\n<\/tr>\n<tr>\n<td class=\"column-1\">__Secure-HSID<\/td>\n<td class=\"column-2\"><\/td>\n<td class=\"column-3\"><\/td>\n<td class=\"column-4\"><\/td>\n<\/tr>\n<tr>\n<td class=\"column-1\">__Secure-3PSID<\/td>\n<td class=\"column-2\">Cookies de terceros: Google<\/td>\n<td class=\"column-3\">2 a\u00f1os<\/td>\n<td class=\"column-4\">Estas cookies se utilizan para entregar anuncios m\u00e1s relevantes para usted y sus intereses.<\/td>\n<\/tr>\n<tr>\n<td class=\"column-1\">__Secure-3PAPISID<\/td>\n<td class=\"column-2\"><\/td>\n<td class=\"column-3\"><\/td>\n<td class=\"column-4\"><\/td>\n<\/tr>\n<tr>\n<td class=\"column-1\">SID<\/td>\n<td class=\"column-2\">Cookies de terceros: Google<\/td>\n<td class=\"column-3\">2 a\u00f1os<\/td>\n<td class=\"column-4\">Recoge informaci\u00f3n para el buscador de Google.<\/td>\n<\/tr>\n<tr>\n<td class=\"column-1\">SAPISID<\/td>\n<td class=\"column-2\">Cookies de terceros: Google<\/td>\n<td class=\"column-3\">2 a\u00f1os<\/td>\n<td class=\"column-4\">Estas cookies se utilizan para medir el rendimiento de los anuncios y proporciona recomendaciones.<\/td>\n<\/tr>\n<tr>\n<td class=\"column-1\">APISID<\/td>\n<td class=\"column-2\"><\/td>\n<td class=\"column-3\"><\/td>\n<td class=\"column-4\"><\/td>\n<\/tr>\n<tr>\n<td class=\"column-1\">SSID<\/td>\n<td class=\"column-2\"><\/td>\n<td class=\"column-3\"><\/td>\n<td class=\"column-4\"><\/td>\n<\/tr>\n<tr class=\"row-26 even\">\n<td class=\"column-1\">HSID<\/td>\n<td class=\"column-2\"><\/td>\n<td class=\"column-3\"><\/td>\n<td class=\"column-4\"><\/td>\n<\/tr>\n<tr>\n<td class=\"column-1\">OTZ<\/td>\n<td class=\"column-2\">Cookies de terceros: Google<\/td>\n<td class=\"column-3\">15 d\u00edas<\/td>\n<td class=\"column-4\">Recopila informaci\u00f3n sobre las preferencias para usarlas con fines publicitarios.<\/td>\n<\/tr>\n<tr>\n<td class=\"column-1\">SIDCC<\/td>\n<td class=\"column-2\">Cookies de terceros: Google<\/td>\n<td class=\"column-3\">1 a\u00f1o<\/td>\n<td class=\"column-4\">Provee servicios y extrae informaci\u00f3n an\u00f3nima sobre la navegaci\u00f3n<\/td>\n<\/tr>\n<tr>\n<td class=\"column-1\">CONSENT<\/td>\n<td class=\"column-2\">Cookies de terceros: Google<\/td>\n<td class=\"column-3\">Permanente<\/td>\n<td class=\"column-4\">Se usa para distinguir a los usuarios.<\/td>\n<\/tr>\n<\/tbody>\n<\/table>\n<\/div>\n<\/div>\n<div class=\"fusion-text fusion-text-6\">\n<h2><\/h2>\n<h2><em><u>B- GESTI\u00d3N DE COOKIES.<\/u><\/em><\/h2>\n<h3><em>1.-\u00a0<\/em><em>\u00bfPor qu\u00e9 debo permitir las cookies?<\/em><\/h3>\n<p><em>Al permitir las cookies, podr\u00e1s obtener una mejor experiencia en nuestro sitio web.<\/em><\/p>\n<p><em>Adem\u00e1s, hay algunas acciones b\u00e1sicas que requieren cookies (t\u00e9cnicas) y que permiten que la p\u00e1gina web pueda desarrollar sus funcionalidades.<\/em><\/p>\n<h3><em>2.- \u00bfQu\u00e9 pasa si bloqueo las cookies?<\/em><\/h3>\n<p><em>Si decides bloquear las cookies, puede impedir el correcto funcionamiento de algunas caracter\u00edsticas de la web. Esto restringir\u00e1 lo que puedes hacer en la misma.<\/em><\/p>\n<p><em>Si aceptas estas limitaciones y decides bloquear las cookies, por favor sigue las instrucciones para tu navegador en la siguiente secci\u00f3n.<\/em><\/p>\n<h3><strong><em>3.- \u00bfC\u00f3mo puedo bloquear o permitir las cookies?<\/em><\/strong><\/h3>\n<p><em>Usted puede permitir, conocer, bloquear o eliminar las cookies instaladas en su equipo mediante la configuraci\u00f3n de las opciones del navegador instalado en su ordenador.<\/em><\/p>\n<p><em>Puede encontrar informaci\u00f3n sobre c\u00f3mo hacerlo en el caso que use como navegador:<\/em><\/p>\n<p><em>Chrome, desde<\/em><\/p>\n<p><em>\u00a0<\/em><a href=\"http:\/\/support.google.com\/chrome\/bin\/answer.py?hl=es&amp;answer=95647\"><em>http:\/\/support.google.com\/chrome\/bin\/answer.py?hl=es&amp;answer=95647<\/em><\/a><\/p>\n<p><em>\u00a0<\/em><\/p>\n<p><em>Explorer, desde<\/em><\/p>\n<p><a href=\"http:\/\/windows.microsoft.com\/es-es\/windows7\/how-to-manage-cookies-in-internet-explorer-9\"><em>http:\/\/windows.microsoft.com\/es-es\/windows7\/how-to-manage-cookies-in-internet-explorer-9<\/em><\/a><\/p>\n<p><em>\u00a0<\/em><\/p>\n<p><em>Firefox, desde<\/em><\/p>\n<p><a href=\"https:\/\/support.mozilla.org\/es\/kb\/habilitar-y-deshabilitar-cookies-sitios-web-rastrear-preferencias\"><em>https:\/\/support.mozilla.org\/es\/kb\/habilitar-y-deshabilitar-cookies-sitios-web-rastrear-preferencias<\/em><\/a><\/p>\n<p><em>\u00a0<\/em><\/p>\n<p><em>Safari, desde<\/em><\/p>\n<p><a href=\"http:\/\/support.apple.com\/kb\/ph5042\"><em>http:\/\/support.apple.com\/kb\/ph5042<\/em><\/a><\/p>\n<p><em>\u00a0<\/em><\/p>\n<p><em>Opera, desde<\/em><\/p>\n<p><a href=\"http:\/\/www.opera.com\/help\/tutorials\/security\/privacy\/\"><em>http:\/\/www.opera.com\/help\/tutorials\/security\/privacy\/<\/em><\/a><\/p>\n<p><strong><em><u>PRIVACIDAD Y TRATAMIENTO DE DATOS<\/u><\/em><\/strong><\/p>\n<p><em>La EMPRESA trata sus datos de car\u00e1cter personal seg\u00fan los establecido en el Reglamento (UE) 2016\/679 del Parlamento Europeo y del Consejo, de 27 de abril de 2016, relativo a la protecci\u00f3n de las personas f\u00edsicas en lo que respecta al tratamiento de datos personales y a la libre circulaci\u00f3n de estos datos y por el que se deroga la Directiva 95\/46\/CE (Reglamento general de protecci\u00f3n de datos) y la LO 3\/2018. La informaci\u00f3n sobre sus datos de car\u00e1cter personal, seg\u00fan el art\u00edculo 13 de la secci\u00f3n 2 del citado reglamento y la LO 3\/2018, puede consultarla en este\u00a0<\/em><em>[<a href=\"https:\/\/innopares.es\/politica-privacidad\/\" target=\"_blank\" rel=\"noopener\">LINK<\/a>].<\/em><em>\u00a0(Enlazar en este link la pol\u00edtica de privacidad)<\/em><\/p>\n<p><strong><em><u>ACCESO A DATOS<\/u><\/em><\/strong><\/p>\n<p><em>Las cookies de nuestro sitio web son utilizadas por:<\/em><\/p>\n<ul>\n<li><em>El Titular de la p\u00e1gina INNOPARES S.L.<\/em><em>, con CIF B19602358 y domicilio social en Calle S. Nicol\u00e1s de Calypso 1. Urb Gran Calahonda B8 2B-C.<\/em><\/li>\n<\/ul>\n<ul>\n<li><em>GOOGLE INC., 1600 Amphitheatre Parkway, Mountain View (California), CA 94043, Estados Unidos<\/em><\/li>\n<\/ul>\n<\/div>\n<\/div><\/div><\/div><\/div><\/div>\n","protected":false},"excerpt":{"rendered":"","protected":false},"author":1,"featured_media":0,"parent":0,"menu_order":0,"comment_status":"closed","ping_status":"closed","template":"","meta":{"footnotes":""},"class_list":["post-1034","page","type-page","status-publish","hentry"],"yoast_head":"<!-- This site is optimized with the Yoast SEO plugin v27.4 - https:\/\/yoast.com\/product\/yoast-seo-wordpress\/ -->\n<title>Pol\u00edtica de cookies - Innopares<\/title>\n<meta name=\"robots\" content=\"index, follow, max-snippet:-1, max-image-preview:large, max-video-preview:-1\" \/>\n<link rel=\"canonical\" href=\"https:\/\/innopares.es\/en\/politica-cookies\/\" \/>\n<meta property=\"og:locale\" content=\"en_GB\" \/>\n<meta property=\"og:type\" content=\"article\" \/>\n<meta property=\"og:title\" content=\"Pol\u00edtica de cookies - Innopares\" \/>\n<meta property=\"og:url\" content=\"https:\/\/innopares.es\/en\/politica-cookies\/\" \/>\n<meta property=\"og:site_name\" content=\"Innopares\" \/>\n<meta property=\"article:publisher\" content=\"https:\/\/www.facebook.com\/profile.php?id=100089595585275\" \/>\n<meta property=\"article:modified_time\" content=\"2023-01-29T12:54:21+00:00\" \/>\n<meta name=\"twitter:card\" content=\"summary_large_image\" \/>\n<meta name=\"twitter:label1\" content=\"Estimated reading time\" \/>\n\t<meta name=\"twitter:data1\" content=\"10 minutes\" \/>\n<script type=\"application\/ld+json\" class=\"yoast-schema-graph\">{\"@context\":\"https:\\\/\\\/schema.org\",\"@graph\":[{\"@type\":\"WebPage\",\"@id\":\"https:\\\/\\\/innopares.es\\\/en\\\/politica-cookies\\\/\",\"url\":\"https:\\\/\\\/innopares.es\\\/en\\\/politica-cookies\\\/\",\"name\":\"Pol\u00edtica de cookies - Innopares\",\"isPartOf\":{\"@id\":\"https:\\\/\\\/innopares.es\\\/#website\"},\"datePublished\":\"2023-01-29T12:45:43+00:00\",\"dateModified\":\"2023-01-29T12:54:21+00:00\",\"breadcrumb\":{\"@id\":\"https:\\\/\\\/innopares.es\\\/en\\\/politica-cookies\\\/#breadcrumb\"},\"inLanguage\":\"en-GB\",\"potentialAction\":[{\"@type\":\"ReadAction\",\"target\":[\"https:\\\/\\\/innopares.es\\\/en\\\/politica-cookies\\\/\"]}]},{\"@type\":\"BreadcrumbList\",\"@id\":\"https:\\\/\\\/innopares.es\\\/en\\\/politica-cookies\\\/#breadcrumb\",\"itemListElement\":[{\"@type\":\"ListItem\",\"position\":1,\"name\":\"Portada\",\"item\":\"https:\\\/\\\/innopares.es\\\/\"},{\"@type\":\"ListItem\",\"position\":2,\"name\":\"Pol\u00edtica de cookies\"}]},{\"@type\":\"WebSite\",\"@id\":\"https:\\\/\\\/innopares.es\\\/#website\",\"url\":\"https:\\\/\\\/innopares.es\\\/\",\"name\":\"Innopares\",\"description\":\"Gesti&oacute;n de proyectos de innovaci&oacute;n\",\"publisher\":{\"@id\":\"https:\\\/\\\/innopares.es\\\/#organization\"},\"alternateName\":\"Innopares\",\"potentialAction\":[{\"@type\":\"SearchAction\",\"target\":{\"@type\":\"EntryPoint\",\"urlTemplate\":\"https:\\\/\\\/innopares.es\\\/?s={search_term_string}\"},\"query-input\":{\"@type\":\"PropertyValueSpecification\",\"valueRequired\":true,\"valueName\":\"search_term_string\"}}],\"inLanguage\":\"en-GB\"},{\"@type\":\"Organization\",\"@id\":\"https:\\\/\\\/innopares.es\\\/#organization\",\"name\":\"Innopares\",\"alternateName\":\"Innopares\",\"url\":\"https:\\\/\\\/innopares.es\\\/\",\"logo\":{\"@type\":\"ImageObject\",\"inLanguage\":\"en-GB\",\"@id\":\"https:\\\/\\\/innopares.es\\\/#\\\/schema\\\/logo\\\/image\\\/\",\"url\":\"https:\\\/\\\/innopares.es\\\/wp-content\\\/uploads\\\/2023\\\/01\\\/logoINNOPARES.svg\",\"contentUrl\":\"https:\\\/\\\/innopares.es\\\/wp-content\\\/uploads\\\/2023\\\/01\\\/logoINNOPARES.svg\",\"width\":375,\"height\":374,\"caption\":\"Innopares\"},\"image\":{\"@id\":\"https:\\\/\\\/innopares.es\\\/#\\\/schema\\\/logo\\\/image\\\/\"},\"sameAs\":[\"https:\\\/\\\/www.facebook.com\\\/profile.php?id=100089595585275\",\"https:\\\/\\\/www.instagram.com\\\/innopares_es\\\/\",\"https:\\\/\\\/www.linkedin.com\\\/company\\\/innopares\\\/\"]}]}<\/script>\n<!-- \/ Yoast SEO plugin. -->","yoast_head_json":{"title":"Pol\u00edtica de cookies - Innopares","robots":{"index":"index","follow":"follow","max-snippet":"max-snippet:-1","max-image-preview":"max-image-preview:large","max-video-preview":"max-video-preview:-1"},"canonical":"https:\/\/innopares.es\/en\/politica-cookies\/","og_locale":"en_GB","og_type":"article","og_title":"Pol\u00edtica de cookies - Innopares","og_url":"https:\/\/innopares.es\/en\/politica-cookies\/","og_site_name":"Innopares","article_publisher":"https:\/\/www.facebook.com\/profile.php?id=100089595585275","article_modified_time":"2023-01-29T12:54:21+00:00","twitter_card":"summary_large_image","twitter_misc":{"Estimated reading time":"10 minutes"},"schema":{"@context":"https:\/\/schema.org","@graph":[{"@type":"WebPage","@id":"https:\/\/innopares.es\/en\/politica-cookies\/","url":"https:\/\/innopares.es\/en\/politica-cookies\/","name":"Pol\u00edtica de cookies - Innopares","isPartOf":{"@id":"https:\/\/innopares.es\/#website"},"datePublished":"2023-01-29T12:45:43+00:00","dateModified":"2023-01-29T12:54:21+00:00","breadcrumb":{"@id":"https:\/\/innopares.es\/en\/politica-cookies\/#breadcrumb"},"inLanguage":"en-GB","potentialAction":[{"@type":"ReadAction","target":["https:\/\/innopares.es\/en\/politica-cookies\/"]}]},{"@type":"BreadcrumbList","@id":"https:\/\/innopares.es\/en\/politica-cookies\/#breadcrumb","itemListElement":[{"@type":"ListItem","position":1,"name":"Portada","item":"https:\/\/innopares.es\/"},{"@type":"ListItem","position":2,"name":"Pol\u00edtica de cookies"}]},{"@type":"WebSite","@id":"https:\/\/innopares.es\/#website","url":"https:\/\/innopares.es\/","name":"Innopares","description":"Gesti&oacute;n de proyectos de innovaci&oacute;n","publisher":{"@id":"https:\/\/innopares.es\/#organization"},"alternateName":"Innopares","potentialAction":[{"@type":"SearchAction","target":{"@type":"EntryPoint","urlTemplate":"https:\/\/innopares.es\/?s={search_term_string}"},"query-input":{"@type":"PropertyValueSpecification","valueRequired":true,"valueName":"search_term_string"}}],"inLanguage":"en-GB"},{"@type":"Organization","@id":"https:\/\/innopares.es\/#organization","name":"Innopares","alternateName":"Innopares","url":"https:\/\/innopares.es\/","logo":{"@type":"ImageObject","inLanguage":"en-GB","@id":"https:\/\/innopares.es\/#\/schema\/logo\/image\/","url":"https:\/\/innopares.es\/wp-content\/uploads\/2023\/01\/logoINNOPARES.svg","contentUrl":"https:\/\/innopares.es\/wp-content\/uploads\/2023\/01\/logoINNOPARES.svg","width":375,"height":374,"caption":"Innopares"},"image":{"@id":"https:\/\/innopares.es\/#\/schema\/logo\/image\/"},"sameAs":["https:\/\/www.facebook.com\/profile.php?id=100089595585275","https:\/\/www.instagram.com\/innopares_es\/","https:\/\/www.linkedin.com\/company\/innopares\/"]}]}},"_links":{"self":[{"href":"https:\/\/innopares.es\/en\/wp-json\/wp\/v2\/pages\/1034","targetHints":{"allow":["GET"]}}],"collection":[{"href":"https:\/\/innopares.es\/en\/wp-json\/wp\/v2\/pages"}],"about":[{"href":"https:\/\/innopares.es\/en\/wp-json\/wp\/v2\/types\/page"}],"author":[{"embeddable":true,"href":"https:\/\/innopares.es\/en\/wp-json\/wp\/v2\/users\/1"}],"replies":[{"embeddable":true,"href":"https:\/\/innopares.es\/en\/wp-json\/wp\/v2\/comments?post=1034"}],"version-history":[{"count":4,"href":"https:\/\/innopares.es\/en\/wp-json\/wp\/v2\/pages\/1034\/revisions"}],"predecessor-version":[{"id":1040,"href":"https:\/\/innopares.es\/en\/wp-json\/wp\/v2\/pages\/1034\/revisions\/1040"}],"wp:attachment":[{"href":"https:\/\/innopares.es\/en\/wp-json\/wp\/v2\/media?parent=1034"}],"curies":[{"name":"wp","href":"https:\/\/api.w.org\/{rel}","templated":true}]}}